{"id":60,"date":"2017-09-28T18:07:36","date_gmt":"2017-09-28T15:07:36","guid":{"rendered":"http:\/\/www.ramisurucukursu.com\/tr\/?page_id=60"},"modified":"2017-09-28T18:07:36","modified_gmt":"2017-09-28T15:07:36","slug":"src","status":"publish","type":"page","link":"https:\/\/www.ramisurucukursu.com\/tr\/src\/","title":{"rendered":"SRC"},"content":{"rendered":"<div class=\"entry-content\">\n<div>\n<h1><strong>SRC T\u00dcR\u00dc MESLEK\u0130 YETERL\u0130L\u0130K BELGES\u0130 ALMAK \u0130\u00c7\u0130N GEREKL\u0130 EVRAKLAR<\/strong><\/h1>\n<div>\n<p><strong>1)\u00a0<\/strong>\u00a0\u00a0\u00a0N\u00dcFUS C\u00dcZDANI FOTOKOP\u0130S\u0130<\/p>\n<p><strong>2)<\/strong>\u00a0\u00a0\u00a0 2 ADET FOTO\u011eRAF<\/p>\n<p><strong>3)<\/strong>\u00a0\u00a0\u00a0 K\u0130ML\u0130K \u00dcCRET\u0130N\u0130N YATIRILDI\u011eINI G\u00d6STER\u0130R DEKONT ; (VAKIFLAR BANKASI ) \u015eUBELER\u0130NE T.C. K\u0130ML\u0130K NUMARASI \u0130LE YATIRILMASI GEREKMEKTED\u0130R. (HER KART \u0130\u00c7\u0130N 30 TL)<\/p>\n<p><strong>4)<\/strong>\u00a0\u00a0\u00a0 SRC 1, SRC 2,SRC 3, SRC 4 T\u00dcRLER\u0130NDEN HANG\u0130S\u0130N\u0130 \u0130STED\u0130\u011e\u0130NE DA\u0130R D\u0130LEK\u00c7E<\/p>\n<p><strong>5)<\/strong>\u00a0\u00a0\u00a0 EHL\u0130YET FOTOKOP\u0130S\u0130<\/p>\n<p><strong>\u00a0AYRICA;<\/strong><\/p>\n<\/div>\n<div id=\"content1\">\n<h1><strong>B SINIFI EHL\u0130YET\u0130 OLANLARIN<\/strong>\u00a0 A\u015eA\u011eIDAK\u0130 BELGELER\u0130 \u00a0\u0130BRAZ ETMELER\u0130 GEREKMEKTED\u0130R;<\/h1>\n<\/div>\n<div>\n<p><strong>\u00a0 \u00a0 \u00a0 \u00a0\u00a01)<\/strong>\u00a0\u00a0 25.02.2003 TAR\u0130H\u0130NDEN \u00d6NCE ALINMI\u015e B SINIFI EHL\u0130YET\u0130N FOTOKOP\u0130S\u0130.<\/p>\n<p><strong>2)\u00a0\u00a0\u00a0<\/strong>\u00a0BA\u015eVURU SAH\u0130B\u0130N\u0130N 25,02,2003 TAR\u0130H\u0130NDEN \u00d6NCE ALINMI\u015e\u00a0<strong>\u00a0B SINIFI<\/strong>\u00a0S\u00dcR\u00dcC\u00dc BELGES\u0130NE SAH\u0130P OLMASI HAL\u0130NDE\u00a0<strong>; B SINIFI<\/strong>\u00a0S\u00dcR\u00dcC\u00dc BELGESES\u0130N\u0130N ALINDI\u011eI TAR\u0130HTEN \u0130T\u0130BAREN 25,02,2003 TAR\u0130H\u0130NE KADAR\u00a0<strong>EN AZ 90 G\u00dcN<\/strong>\u00a0S\u00dcREYLE \u00c7ALI\u015eTI\u011eINI G\u00d6STEREN SOSYAL G\u00dcVENL\u0130K KURUMLARINDAN ALINMI\u015e BELGE .<\/p>\n<p><strong>NOT<\/strong>:\u00a0\u00a0\u00a0\u00a0\u00a0<strong>B\u00a0 EHL\u0130YET\u0130 OLANLAR, SADECE SRC 2 ve SRC 4 BELGES\u0130 ALAB\u0130L\u0130RLER.<\/strong><\/p>\n<p>&nbsp;<\/p>\n<\/div>\n<div id=\"content1\">\n<h1><strong>C VEYA D SINIFI EHL\u0130YET\u0130 OLANLARIN<\/strong>\u00a0A\u015eA\u011eIDAK\u0130 BELGELER\u0130 \u0130BRAZ ETMELER\u0130 GEREKMEKTED\u0130R;<\/h1>\n<\/div>\n<div>\n<p><strong>1)<\/strong>\u00a0\u00a0\u00a025.02.2003 TAR\u0130H\u0130NDEN \u00d6NCE ALINMI\u015e C VEYA D SINIFLI EHL\u0130YET\u0130N FOTOKOP\u0130S\u0130<\/p>\n<p><strong>NOT<\/strong>:\u00a0 C VEYA D EHL\u0130YET\u0130 OLANLAR, SRC2,SRC 3, SRC 4 BELGES\u0130NDEN \u0130STED\u0130\u011e\u0130N\u0130 TALEP EDEB\u0130L\u0130RLER.<\/p>\n<p>&nbsp;<\/p>\n<\/div>\n<div id=\"content1\">\n<h1><strong>E\u00a0\u00a0SINIFI EHL\u0130YET\u0130 OLANLARIN<\/strong>\u00a0A\u015eA\u011eIDAK\u0130 BELGELER\u0130 \u0130BRAZ ETMELER\u0130 GEREKMEKTED\u0130R;<\/h1>\n<\/div>\n<div>\n<p>\u00a0 \u00a0 \u00a0 \u00a0\u00a0<strong>1)<\/strong>\u00a0\u00a0\u00a0\u00a0 25.02.2003 TAR\u0130H\u0130NDEN \u00d6NCE ALINMI\u015e E SINIFI EHL\u0130YET\u0130N FOTOKOP\u0130S\u0130.<\/p>\n<p><strong>NOT:<\/strong>\u00a0E SINIFI EHL\u0130YET\u0130 OLANLAR, A\u015eA\u011eIDAK\u0130 BELGELERDEN \u0130STED\u0130KLER\u0130N\u0130 TALEP EDEB\u0130LRLER:<\/p>\n<p>SRC 1 (ULUSLARARASI YOLCU TA\u015eIMACILI\u011eI)<\/p>\n<p>SRC 2 (\u015eEH\u0130RLER ARASI YOLCU TA\u015eIMACILI\u011eI)<\/p>\n<p>SRC 3 (ULUSLARARASI E\u015eYA-Y\u00dcK TA\u015eIMACILI\u011eI)<\/p>\n<p>SRC 4 (\u015eEH\u0130RLER ARASI E\u015eYA-Y\u00dcK TA\u015eIMACILI\u011eI)<\/p>\n<div><\/div>\n<\/div>\n<div>\n<p><strong>* SRC 1 BELGES\u0130N\u0130 ALANLAR SRC 2 BELGES\u0130N\u0130 ALMI\u015e SAYILIRLAR<\/strong><\/p>\n<p><strong>* SRC 3 BELGES\u0130N\u0130 ALANLAR SRC 4 BELGES\u0130N\u0130 ALMI\u015e SAYILIRLAR<\/strong><\/p>\n<p>* 31.12.2006 TAR\u0130H\u0130NDEN \u00d6NCE BA\u015eVURUDA BULUNAN VE HERHANG\u0130 B\u0130R NEDENLE SRC BELGES\u0130 HAK EDEMEYENLER YUKARIDAK\u0130 YEN\u0130 \u015eARTLARI SA\u011eLIYORSA, YEN\u0130 EVRAKLARI \u0130LE TEKRAR BA\u015eVURU YAPAB\u0130L\u0130RLER.<\/p>\n<p>*\u00a0 YUKARIDAK\u0130 \u015eARTLARI H\u0130\u00c7B\u0130R \u015eEK\u0130LDE SA\u011eLAYAMAYAN K\u0130\u015e\u0130LER SRC BELGES\u0130 ALAB\u0130LMEK \u0130\u00c7\u0130N \u201cE\u011e\u0130T\u0130M\u201d ALMAK DURUMUNDADIR.<\/p>\n<p>* \u00a0EHL\u0130YET\u0130N VER\u0130L\u0130\u015e VE D\u00dcZENLEN\u0130\u015e TAR\u0130H\u0130NDE B\u0130R BEL\u0130RS\u0130ZL\u0130K OLDU\u011eUNDA EMN\u0130YET GENEL M\u00dcD\u00dcRL\u00dc\u011e\u00dc\u2019NDEN ONAYLI RESM\u0130 BELGE GET\u0130R\u0130LMES\u0130 \u0130STENECEKT\u0130R.<\/p>\n<p>* BA\u015eVURU TAR\u0130H\u0130 \u0130T\u0130BAR\u0130YLA <strong>63 YA\u015eINI DOLDURAN K\u0130\u015e\u0130LER\u0130N<\/strong> M\u00dcRACAATLARI KABUL ED\u0130LMEYECEKT\u0130R.<\/p>\n<p>&nbsp;<\/p>\n<h1 class=\"post-title\">\u00d6nemli Hususlar<\/h1>\n<div class=\"post-content\">\n<p>\u00a0\u2022 Mesleki Yeterlilik Belgesi \u00fccretini yat\u0131rmak isteyenlerin 16.03.2009 tarihinden itibaren herhangi bir Vak\u0131fbank \u015fubesine ba\u015fvurmalar\u0131, Mesleki Yeterlilik Belgesi (SRC-ODY-\u00dcDY) \u00fccretini \u00f6demek istediklerini belirtmeleri, T.C. Kimlik Numaralar\u0131n\u0131 dekonta yazd\u0131rmalar\u0131 gerekmektedir.\u00a0<strong>T<\/strong><strong>ek Belge \u00dccreti : 30 TL<\/strong><strong>\u00c7ift Belge \u00dccreti : 60 TL<\/strong>\u00a0<strong>Not : <\/strong>Tahsilatlar; hesaba para yat\u0131rma, havale, EFT, internetten yat\u0131rma \u015feklinde kesinlikle yap\u0131lmayacakt\u0131r.<\/p>\n<h4><strong>\u00d6nemli :<\/strong><\/h4>\n<p>\u00dcDY ve ODY ba\u015fvuru evraklar\u0131ndan; Ticaret Sicil Gazetesi, \u0130mza Sirk\u00fcleri ve Firma Belgesinin asl\u0131 veya noterden onayl\u0131 olmas\u0131 halinde i\u015fleme al\u0131nacakt\u0131r\u2026<\/p>\n<p><strong>Dikkat :<\/strong><\/p>\n<p>\u00dcDY-ODY-SRC m\u00fcracaat evraklar\u0131nda dilek\u00e7e, imza ve adres olmad\u0131\u011f\u0131 takdirde ba\u015fvurular kabul edilmeyecektir. <strong>.\u00a0<\/strong><\/p>\n<p><strong>Dikkat :<\/strong><\/p>\n<p>SRC \u2013 ODY \u2013 UDY belgesi i\u00e7in m\u00fcracaat eden \u015fah\u0131slar\u0131n Sosyal G\u00fcvenlik Kurumu hizmet d\u00f6k\u00fcm\u00fc <a href=\"https:\/\/giris.turkiye.gov.tr\/Giris2\/gir?hk=null\">\u201ce-devlet\u201d<\/a> \u015fifresi ile al\u0131nmaktad\u0131r. Merkezimize m\u00fcracaatlarda <a href=\"https:\/\/giris.turkiye.gov.tr\/Giris2\/gir?hk=null\">e-devlet<\/a> \u015fifresi ile al\u0131nan SGK hizmet d\u00f6k\u00fcm\u00fc bildirilmesi halinde belgeler i\u015fleme al\u0131nacakt\u0131r. Yanl\u0131\u015f beyanda bulunanlar hakk\u0131nda gerekli i\u015flem yap\u0131lacakt\u0131r.<\/p>\n<p>\u2022 Mesleki Yeterlilik Belgesi (SRC, ODY,\u00dcDY) i\u00e7in ba\u015fvuranlar\u0131n ba\u015fvurular\u0131na ili\u015fkin a\u00e7\u0131klamalar ve belge almaya hak kazananlar\u0131n listesi web sayfam\u0131zda s\u00fcrekli olarak g\u00fcncellenmektedir.<\/p>\n<p>\u2022 Sorgu Ekran\u0131 k\u0131sm\u0131na girdi\u011finizde TC Kimlik numaran\u0131z ile sorgulama yapabilir ve hak etti\u011finiz belge veya belgelerinizi g\u00f6rebilirsiniz. Mesleki Yeterlilik Belgesi haz\u0131r olup adres bilgisi eksik olan ve\/veya belge \u00fccretini hen\u00fcz yat\u0131rmam\u0131\u015f olan ba\u015fvuru sahiplerinin Mesleki Yeterlilik Belgeleri kendilerine ula\u015ft\u0131r\u0131lamamaktad\u0131r.<\/p>\n<p>\u2022 Banka Dekontlar\u0131 bulunmayan ba\u015fvurular dikkate al\u0131nmayacakt\u0131r.<\/p>\n<p><strong>Not : <\/strong>Yat\u0131r\u0131lan \u00fccretlerin iadesi yap\u0131lmaz.<\/p>\n<p><strong>Dikkat :<\/strong><\/p>\n<p>M\u00fcracaat evraklar\u0131nda yanl\u0131\u015f bilgi ve belge beyan\u0131nda bulunanlar\u0131n evraklar\u0131 i\u015fleme al\u0131nmaz; yanl\u0131\u015f bilgi ve belge verdi\u011fi sonradan tespit edilenlerin ad\u0131na belge d\u00fczenlenmi\u015f ise adlar\u0131na d\u00fczenlenen mesleki yeterlilik belgeleri iptal edilir ve bu ki\u015filer hakk\u0131nda yasal i\u015flemler ba\u015flat\u0131l\u0131r.\u00a0 Eksik evraklarla yap\u0131lan m\u00fcracaatlar i\u015fleme al\u0131nmayacakt\u0131r.<\/p>\n<p><strong>T<\/strong><strong>ek Belge \u00dccreti : 30 TL<\/strong><\/p>\n<p><strong>\u00c7ift Belge \u00dccreti : 60 TL<\/strong><\/p>\n<p><strong>Not : <\/strong>Tahsilatlar; hesaba para yat\u0131rma, havale, EFT, internetten yat\u0131rma \u015feklinde kesinlikle yap\u0131lmayacakt\u0131r.<\/p>\n<\/div>\n<\/div>\n<\/div>\n<\/div>\n","protected":false},"excerpt":{"rendered":"<p>SRC T\u00dcR\u00dc MESLEK\u0130 YETERL\u0130L\u0130K BELGES\u0130 ALMAK \u0130\u00c7\u0130N GEREKL\u0130 EVRAKLAR 1)\u00a0\u00a0\u00a0\u00a0N\u00dcFUS C\u00dcZDANI FOTOKOP\u0130S\u0130 2)\u00a0\u00a0\u00a0 2 ADET FOTO\u011eRAF 3)\u00a0\u00a0\u00a0 K\u0130ML\u0130K \u00dcCRET\u0130N\u0130N YATIRILDI\u011eINI G\u00d6STER\u0130R DEKONT ; (VAKIFLAR BANKASI ) \u015eUBELER\u0130NE T.C. K\u0130ML\u0130K NUMARASI \u0130LE YATIRILMASI GEREKMEKTED\u0130R. (HER KART \u0130\u00c7\u0130N 30 TL) 4)\u00a0\u00a0\u00a0 SRC 1, SRC 2,SRC 3, SRC 4 T\u00dcRLER\u0130NDEN HANG\u0130S\u0130N\u0130 \u0130STED\u0130\u011e\u0130NE DA\u0130R D\u0130LEK\u00c7E 5)\u00a0\u00a0\u00a0 EHL\u0130YET FOTOKOP\u0130S\u0130 \u00a0AYRICA; [&hellip;]<\/p>\n","protected":false},"author":1,"featured_media":0,"parent":0,"menu_order":0,"comment_status":"closed","ping_status":"closed","template":"","meta":[],"_links":{"self":[{"href":"https:\/\/www.ramisurucukursu.com\/tr\/wp-json\/wp\/v2\/pages\/60"}],"collection":[{"href":"https:\/\/www.ramisurucukursu.com\/tr\/wp-json\/wp\/v2\/pages"}],"about":[{"href":"https:\/\/www.ramisurucukursu.com\/tr\/wp-json\/wp\/v2\/types\/page"}],"author":[{"embeddable":true,"href":"https:\/\/www.ramisurucukursu.com\/tr\/wp-json\/wp\/v2\/users\/1"}],"replies":[{"embeddable":true,"href":"https:\/\/www.ramisurucukursu.com\/tr\/wp-json\/wp\/v2\/comments?post=60"}],"version-history":[{"count":1,"href":"https:\/\/www.ramisurucukursu.com\/tr\/wp-json\/wp\/v2\/pages\/60\/revisions"}],"predecessor-version":[{"id":61,"href":"https:\/\/www.ramisurucukursu.com\/tr\/wp-json\/wp\/v2\/pages\/60\/revisions\/61"}],"wp:attachment":[{"href":"https:\/\/www.ramisurucukursu.com\/tr\/wp-json\/wp\/v2\/media?parent=60"}],"curies":[{"name":"wp","href":"https:\/\/api.w.org\/{rel}","templated":true}]}}