{"id":58,"date":"2017-09-28T18:06:40","date_gmt":"2017-09-28T15:06:40","guid":{"rendered":"http:\/\/www.ramisurucukursu.com\/tr\/?page_id=58"},"modified":"2017-09-29T09:21:44","modified_gmt":"2017-09-29T06:21:44","slug":"direksiyon-sinavinda-dikkat-edilmesi-gerekenler","status":"publish","type":"page","link":"https:\/\/www.ramisurucukursu.com\/tr\/direksiyon-sinavinda-dikkat-edilmesi-gerekenler\/","title":{"rendered":"Direksiyon S\u0131nav\u0131nda Dikkat Edilmesi Gerekenler"},"content":{"rendered":"<div>\n<ul>\n<li>Koltuk ve ayna ayarlar\u0131n\u0131 yap. Emniyet kemerini tak.<\/li>\n<li>Vites kolunu bo\u015fa al. Kontak anahtar\u0131n\u0131 \u00e7evirerek arac\u0131n\u0131 \u00e7al\u0131\u015ft\u0131r.<\/li>\n<li>Debriyaj pedal\u0131na basarak vitesi Bir\u2019e al. Arac\u0131n kalk\u0131\u015f y\u00f6n\u00fcne do\u011fru sinyalini ver.<\/li>\n<li>El frenini indir.<\/li>\n<li>Hareket edecek olan arac\u0131n\u0131n debriyaj\u0131n\u0131 yava\u015f yava\u015f gev\u015feterek hafif gaz vererek kalk.<\/li>\n<li>Gaz pedal\u0131na bas, ara\u00e7 devrini ald\u0131ktan sonra debriyaj pedal\u0131na basarak vites kolunu iki\u2019ye al.<\/li>\n<li>U d\u00f6n\u00fc\u015f\u00fc yapmak i\u00e7in gaz\u0131 kes vites kolunu bire al d\u00f6n\u00fc\u015f yapaca\u011f\u0131n y\u00f6ne do\u011fru sinyalini ver, orta dikiz aynandan arac\u0131n\u0131n arkas\u0131na bak yol m\u00fcsait ise d\u00f6n\u00fc\u015f\u00fcn\u00fc yap.<\/li>\n<li>U d\u00f6n\u00fc\u015f\u00fc bitiminde direksiyon hakimiyetini bozmadan yolun sa\u011f \u015feridini takip et.<\/li>\n<li>Arac\u0131 (sa\u011fa) yana\u015ft\u0131r\u0131rken sa\u011f sinyalini ver.<\/li>\n<li>Duru\u015flar (Park) i\u00e7in debriyaja bas geri g\u00f6rme aynas\u0131na bak m\u00fcsaitse frene bas.<\/li>\n<li>Arac\u0131 terketmeden \u00f6nce vites kolunu bo\u015fa al emniyet kemerini \u00e7\u0131kar ve El frenini \u00e7ek.<\/li>\n<li>Ara\u00e7tan inerken sol aynayla arkan\u0131 mutlaka kontrol ederek \u00e7\u0131k.<\/li>\n<\/ul>\n<p><strong>G\u00fcvenli Bir S\u00fcr\u00fc\u015f \u0130\u00e7in \u00d6neriler<\/strong><\/p>\n<ul>\n<li>Koltu\u011fu, elinizi uzatt\u0131\u011f\u0131n\u0131zda bile\u011finiz direksiyonun en \u00fcst k\u0131sm\u0131na uzanacak konuma ayarlay\u0131n ve simetrik olarak, saat 3 ve 9 konumlar\u0131nda tutun.<\/li>\n<li>Arac\u0131 hareket ettirmeden ve durdurmadan \u00f6nce her \u015feyin yolunda olup olmad\u0131\u011f\u0131n\u0131 kontrol edin.<\/li>\n<li>Ara\u00e7 kullan\u0131rken s\u00fcrekli dikkatli olun ve genellikle sa\u011f tarafa dikilmi\u015f olan trafik i\u015faretlerini asla g\u00f6zden ka\u00e7\u0131rmay\u0131n!<\/li>\n<li>Trafik i\u015faret levhalar\u0131ndaki h\u0131z s\u0131n\u0131rlar\u0131n\u0131n m\u00fcsaade edilen maksimum h\u0131zlar oldu\u011fu unutulmamal\u0131.<\/li>\n<li>Yoku\u015flar\u0131, \u00e7\u0131kabilece\u011finizi tahmin etti\u011finiz vitesle inin. Yoku\u015f a\u015fa\u011f\u0131 ini\u015flerde asla vitesi bo\u015fa almay\u0131n.<\/li>\n<li>\u015eehirleraras\u0131 yollarda ba\u015fka ara\u00e7lara \u00e7ok yakla\u015fmazsan\u0131z, onlar\u0131n yapaca\u011f\u0131 kazalara kar\u0131\u015fmam\u0131\u015f olursunuz.<\/li>\n<li>Aynalar\u0131n\u0131za s\u0131k s\u0131k g\u00f6z at\u0131n.<\/li>\n<li>H\u0131z yapanlar\u0131 yava\u015flatmaya da \u00e7al\u0131\u015fmay\u0131n.<\/li>\n<li>K\u0131sa s\u00fcreli de olsa, arac\u0131n\u0131z\u0131 terk ederken g\u00fcvenceye al\u0131n.<\/li>\n<li>Yakla\u015fan farlara fazla bakmay\u0131n.<\/li>\n<li>Bak\u0131\u015f\u0131n\u0131z\u0131 yolun sa\u011f kenar\u0131na yo\u011funla\u015ft\u0131r\u0131n.<\/li>\n<li>Ge\u00e7i\u015fler d\u0131\u015f\u0131nda sol \u015feridi bo\u015falt\u0131n.<\/li>\n<li>Uykulu iken ara\u00e7 kullanmay\u0131n.<\/li>\n<li>G\u00f6zleriniz bir noktada sabit kal\u0131yorsa bu tehlike i\u015faretidir.<\/li>\n<\/ul>\n<p><strong>D\u0130REKS\u0130YON \u0130MT\u0130HANI DEGERLEND\u0130RME FORMU<\/strong><\/p>\n<p>Siz arac\u0131 kullan\u0131rken, sizi tefti\u015f edip not verecek m\u00fcfetti\u015flerin elinde bulunan puanlama formunda \u015fu kriterler yer al\u0131yor:<\/p>\n<p><em>Direksiyon S\u0131nav\u0131 esnas\u0131nda aday\u0131 g\u00f6zetleyecek yetkili ki\u015filerin elindeki formun i\u00e7eri\u011fi<\/em><\/p>\n<p><strong>Direksiyon S\u0131nav\u0131 Puanlama Sistemi<\/strong><\/p>\n<ul>\n<li>1. Arac\u0131 \u00e7al\u0131\u015ft\u0131rma ve harekete ge\u00e7irme usul ve kurallar\u0131na uymuyor emniyetli ve rahat kalk\u0131\u015f yapam\u0131yor.<strong>2 puan\u0131n\u0131z <\/strong>d\u00fc\u015fer<\/li>\n<li>2. Duraklad\u0131\u011f\u0131 veya parketti\u011fi yerden \u00e7\u0131karken yoldan ge\u00e7en ara\u00e7lara ge\u00e7i\u015f kolayl\u0131\u011f\u0131 sa\u011flam\u0131yor, kontrolsuz ve i\u015faretsiz \u00e7\u0131k\u0131\u015f yap\u0131yor. <strong>5 puan\u0131n\u0131z d\u00fc\u015fer<\/strong><\/li>\n<li>3. \u015eerit izleme kurallar\u0131na uymuyor. Uygun \u015feritten gitmiyor. \u015eerit de\u011fi\u015ftirme kurallar\u0131na uymuyor. <strong>5 puan\u0131n\u0131z d\u00fc\u015fer<\/strong><\/li>\n<li>4. H\u0131z kurallar\u0131na uymuyor. H\u0131z\u0131n\u0131 ayarlamada ba\u015far\u0131s\u0131z bulundu. H\u0131z s\u0131n\u0131rlar\u0131na dikkat etmiyor. <strong>5 puan\u0131n\u0131z d\u00fc\u015fer<\/strong><\/li>\n<li>5. \u00d6n\u00fcndeki arac\u0131 yak\u0131ndan takip ediyor. Takip mesafesinin yeterli olup olmad\u0131\u011f\u0131 hususundaki kontrol metodunu bilmiyor. <strong>5 puan\u0131n\u0131z d\u00fc\u015fer<\/strong><\/li>\n<li>6. \u00d6n\u00fcndeki arac\u0131 sollay\u0131p ge\u00e7me kurallar\u0131na uymuyor. <strong>5 puan\u0131n\u0131z d\u00fc\u015fer<\/strong><\/li>\n<li>7. Kendisini ge\u00e7mek isteyen ara\u00e7larla ilgili ge\u00e7ilme kurallar\u0131na uymuyor. <strong>5 puan\u0131n\u0131z d\u00fc\u015fer<\/strong><\/li>\n<li>8. Kav\u015fak yakla\u015f\u0131mlar\u0131nda do\u011frultu de\u011fi\u015ftirme (D\u00f6n\u00fc\u015f) kurallar\u0131na uymuyor. <strong>5 puan\u0131n\u0131z d\u00fc\u015fer<\/strong><\/li>\n<li>9. Kav\u015faklardaki kar\u015f\u0131la\u015fmalarda ilk ge\u00e7i\u015f hakk\u0131 kurallar\u0131na uymuyor. <strong>5 puan\u0131n\u0131z d\u00fc\u015fer<\/strong><\/li>\n<li>10. Ara\u00e7lar\u0131n manevralar\u0131yla ilgili kurallara uymuyor. Manevra becerisi zay\u0131f bulundu. <strong>5 puan\u0131n\u0131z d\u00fc\u015fer<\/strong><\/li>\n<li>11. Kar\u015f\u0131dan gelen trafikle kar\u015f\u0131la\u015ft\u0131\u011f\u0131nda ge\u00e7i\u015f kolayl\u0131\u011f\u0131 sa\u011flama kurallar\u0131na uymuyor. <strong>2 puan\u0131n\u0131z d\u00fc\u015fer<\/strong><\/li>\n<li>12. Durma, duraklama, parketme, indirme, bindirme, kap\u0131lar\u0131n a\u00e7\u0131lmas\u0131yla ilgili kurallara uymuyor. <strong>5 puan\u0131n\u0131z d\u00fc\u015fer<\/strong><\/li>\n<li>13. Yaya ge\u00e7idi, okul ge\u00e7idi ve demiryolu ge\u00e7idi yakla\u015f\u0131mlar\u0131ndaki kurallara uymad\u0131, ge\u00e7i\u015f hakk\u0131 vermiyor. <strong>5 puan\u0131n\u0131z d\u00fc\u015fer<\/strong><\/li>\n<li>14. Okul ta\u015f\u0131tlar\u0131yla ge\u00e7i\u015f \u00fcst\u00fcnl\u00fc\u011f\u00fc hakk\u0131na sahip ara\u00e7larla kar\u015f\u0131la\u015ft\u0131\u011f\u0131nda ilgili kurallara uymuyor. <strong>2 puan\u0131n\u0131z d\u00fc\u015fer<\/strong><\/li>\n<li>15. E\u011fimli yolda arac\u0131 harekete ge\u00e7irmede ba\u015far\u0131s\u0131z bulundu, e\u011fimli yolda hareket etme kurallar\u0131na uymuyor. <strong>5 puan\u0131n\u0131z d\u00fc\u015fer<\/strong><\/li>\n<li>16. Arac\u0131 harekete ge\u00e7irmede, yava\u015flat\u0131p durdurmada, kumanda pedallerine yeterince intibak edemiyor. Vites de\u011fi\u015ftirme becerisi zay\u0131f. Vites de\u011fi\u015ftirirken direksiyon hakimiyeti azal\u0131yor, g\u00f6z\u00fcn\u00fc yoldan ay\u0131r\u0131yor. <strong>10 puan\u0131n\u0131z d\u00fc\u015fer<\/strong><\/li>\n<li>17. Genel olarak direksiyon hakimiyeti zay\u0131f. <strong>10 puan\u0131n\u0131z d\u00fc\u015fer<\/strong><\/li>\n<li>18. Ses cihaz\u0131n\u0131 ve ara\u00e7lar\u0131n \u0131\u015f\u0131klar\u0131n\u0131 gereksiz yere ve ama\u00e7lar\u0131 d\u0131\u015f\u0131nda kullan\u0131yor, gerekti\u011finde kullanm\u0131yor. <strong>2 puan\u0131n\u0131z d\u00fc\u015fer<\/strong><\/li>\n<li>19. I\u015f\u0131k sisteminin, \u0131s\u0131tma ve havaland\u0131rma tertibat\u0131n\u0131n kumanda d\u00fc\u011fmelerinin yerlerini bilmiyor ve kullanam\u0131yor. So\u011futma, ya\u011flarna, \u015farj ve yak\u0131t g\u00f6stergelerini ve manalar\u0131n\u0131 bilmiyor. <strong>2 puan\u0131n\u0131z d\u00fc\u015fer<\/strong><\/li>\n<li>20. A\u015f\u0131r\u0131 derecede heyecanl\u0131 ve tela\u015fl\u0131 bulundu. Bu haliyle dikkati da\u011f\u0131n\u0131k g\u00f6r\u00fcld\u00fc. <strong>10 puan\u0131n\u0131z d\u00fc\u015fer<\/strong><\/li>\n<\/ul>\n<\/div>\n","protected":false},"excerpt":{"rendered":"<p>Koltuk ve ayna ayarlar\u0131n\u0131 yap. Emniyet kemerini tak. Vites kolunu bo\u015fa al. Kontak anahtar\u0131n\u0131 \u00e7evirerek arac\u0131n\u0131 \u00e7al\u0131\u015ft\u0131r. Debriyaj pedal\u0131na basarak vitesi Bir\u2019e al. Arac\u0131n kalk\u0131\u015f y\u00f6n\u00fcne do\u011fru sinyalini ver. El frenini indir. Hareket edecek olan arac\u0131n\u0131n debriyaj\u0131n\u0131 yava\u015f yava\u015f gev\u015feterek hafif gaz vererek kalk. Gaz pedal\u0131na bas, ara\u00e7 devrini ald\u0131ktan sonra debriyaj pedal\u0131na basarak vites [&hellip;]<\/p>\n","protected":false},"author":1,"featured_media":0,"parent":0,"menu_order":0,"comment_status":"closed","ping_status":"closed","template":"","meta":[],"_links":{"self":[{"href":"https:\/\/www.ramisurucukursu.com\/tr\/wp-json\/wp\/v2\/pages\/58"}],"collection":[{"href":"https:\/\/www.ramisurucukursu.com\/tr\/wp-json\/wp\/v2\/pages"}],"about":[{"href":"https:\/\/www.ramisurucukursu.com\/tr\/wp-json\/wp\/v2\/types\/page"}],"author":[{"embeddable":true,"href":"https:\/\/www.ramisurucukursu.com\/tr\/wp-json\/wp\/v2\/users\/1"}],"replies":[{"embeddable":true,"href":"https:\/\/www.ramisurucukursu.com\/tr\/wp-json\/wp\/v2\/comments?post=58"}],"version-history":[{"count":1,"href":"https:\/\/www.ramisurucukursu.com\/tr\/wp-json\/wp\/v2\/pages\/58\/revisions"}],"predecessor-version":[{"id":59,"href":"https:\/\/www.ramisurucukursu.com\/tr\/wp-json\/wp\/v2\/pages\/58\/revisions\/59"}],"wp:attachment":[{"href":"https:\/\/www.ramisurucukursu.com\/tr\/wp-json\/wp\/v2\/media?parent=58"}],"curies":[{"name":"wp","href":"https:\/\/api.w.org\/{rel}","templated":true}]}}