{"id":56,"date":"2017-09-28T18:05:56","date_gmt":"2017-09-28T15:05:56","guid":{"rendered":"http:\/\/www.ramisurucukursu.com\/tr\/?page_id=56"},"modified":"2017-09-29T09:21:51","modified_gmt":"2017-09-29T06:21:51","slug":"araclarin-durma-sureleri","status":"publish","type":"page","link":"https:\/\/www.ramisurucukursu.com\/tr\/araclarin-durma-sureleri\/","title":{"rendered":"Ara\u00e7lar\u0131n Durma S\u00fcreleri"},"content":{"rendered":"<table border=\"2\" summary=\"\">\n<tbody>\n<tr>\n<td colspan=\"6\">\n<p align=\"center\">\u00a0<strong>E\u011e\u0130MS\u0130Z VE KURU ASFALT YOLDA ARA\u00c7LARIN HIZLARINA G\u00d6RE DURMA MESAFELER\u0130 ( f=0,60 )<\/strong><\/p>\n<\/td>\n<\/tr>\n<tr>\n<td colspan=\"2\">\n<p align=\"center\">\u00a0<strong>ARA\u00c7 HIZI<\/strong><\/p>\n<\/td>\n<td>\n<p align=\"center\">\u00a0<strong>Reaksiyon Mesafesi<\/strong><\/p>\n<\/td>\n<td>\n<p align=\"center\">\u00a0<strong>Fren Mesafesi<\/strong><\/p>\n<\/td>\n<td>\n<p align=\"center\">\u00a0<strong>Durma Mesafesi<\/strong><\/p>\n<\/td>\n<td>\n<p align=\"center\">\u00a0<strong>Fren Zaman\u0131<\/strong><\/p>\n<\/td>\n<\/tr>\n<tr>\n<td>\n<p align=\"center\">\u00a0km\/saat<\/p>\n<\/td>\n<td>\n<p align=\"center\">\u00a0m\/sn<\/p>\n<\/td>\n<td>\n<p align=\"center\">\u00a0metre<\/p>\n<\/td>\n<td>\n<p align=\"center\">\u00a0metre<\/p>\n<\/td>\n<td>\n<p align=\"center\">\u00a0metre<\/p>\n<\/td>\n<td>\n<p align=\"center\">\u00a0saniye<\/p>\n<\/td>\n<\/tr>\n<tr>\n<td>\n<p align=\"center\">\u00a010<\/p>\n<\/td>\n<td>\n<p align=\"center\">\u00a02,77<\/p>\n<\/td>\n<td>\n<p align=\"center\">\u00a02,1<\/p>\n<\/td>\n<td>\n<p align=\"center\">\u00a00,7<\/p>\n<\/td>\n<td>\n<p align=\"center\">\u00a02,8<\/p>\n<\/td>\n<td>\n<p align=\"center\">\u00a00,47<\/p>\n<\/td>\n<\/tr>\n<tr>\n<td>\n<p align=\"center\">\u00a015<\/p>\n<\/td>\n<td>\n<p align=\"center\">\u00a04,18<\/p>\n<\/td>\n<td>\n<p align=\"center\">\u00a03,1<\/p>\n<\/td>\n<td>\n<p align=\"center\">\u00a01,5<\/p>\n<\/td>\n<td>\n<p align=\"center\">\u00a04,6<\/p>\n<\/td>\n<td>\n<p align=\"center\">\u00a00,7<\/p>\n<\/td>\n<\/tr>\n<tr>\n<td>\n<p align=\"center\">\u00a020<\/p>\n<\/td>\n<td>\n<p align=\"center\">\u00a05,55<\/p>\n<\/td>\n<td>\n<p align=\"center\">\u00a04,2<\/p>\n<\/td>\n<td>\n<p align=\"center\">\u00a02,6<\/p>\n<\/td>\n<td>\n<p align=\"center\">\u00a06,8<\/p>\n<\/td>\n<td>\n<p align=\"center\">\u00a00,94<\/p>\n<\/td>\n<\/tr>\n<tr>\n<td>\n<p align=\"center\">\u00a025<\/p>\n<\/td>\n<td>\n<p align=\"center\">\u00a06,94<\/p>\n<\/td>\n<td>\n<p align=\"center\">\u00a05,2<\/p>\n<\/td>\n<td>\n<p align=\"center\">\u00a04,1<\/p>\n<\/td>\n<td>\n<p align=\"center\">\u00a09,3<\/p>\n<\/td>\n<td>\n<p align=\"center\">\u00a01,18<\/p>\n<\/td>\n<\/tr>\n<tr>\n<td>\n<p align=\"center\">\u00a020<\/p>\n<\/td>\n<td>\n<p align=\"center\">\u00a08,33<\/p>\n<\/td>\n<td>\n<p align=\"center\">\u00a06,2<\/p>\n<\/td>\n<td>\n<p align=\"center\">\u00a05,9<\/p>\n<\/td>\n<td>\n<p align=\"center\">\u00a012,1<\/p>\n<\/td>\n<td>\n<p align=\"center\">\u00a01,41<\/p>\n<\/td>\n<\/tr>\n<tr>\n<td>\n<p align=\"center\">\u00a035<\/p>\n<\/td>\n<td>\n<p align=\"center\">\u00a09,72<\/p>\n<\/td>\n<td>\n<p align=\"center\">\u00a07,3<\/p>\n<\/td>\n<td>\n<p align=\"center\">\u00a08<\/p>\n<\/td>\n<td>\n<p align=\"center\">\u00a015,3<\/p>\n<\/td>\n<td>\n<p align=\"center\">\u00a01,65<\/p>\n<\/td>\n<\/tr>\n<tr>\n<td>\n<p align=\"center\">\u00a040<\/p>\n<\/td>\n<td>\n<p align=\"center\">\u00a011,11<\/p>\n<\/td>\n<td>\n<p align=\"center\">\u00a08,3<\/p>\n<\/td>\n<td>\n<p align=\"center\">\u00a010,5<\/p>\n<\/td>\n<td>\n<p align=\"center\">\u00a018,8<\/p>\n<\/td>\n<td>\n<p align=\"center\">\u00a01,88<\/p>\n<\/td>\n<\/tr>\n<tr>\n<td>\n<p align=\"center\">\u00a045<\/p>\n<\/td>\n<td>\n<p align=\"center\">\u00a012,5<\/p>\n<\/td>\n<td>\n<p align=\"center\">\u00a09,4<\/p>\n<\/td>\n<td>\n<p align=\"center\">\u00a013,2<\/p>\n<\/td>\n<td>\n<p align=\"center\">\u00a022,6<\/p>\n<\/td>\n<td>\n<p align=\"center\">\u00a02,12<\/p>\n<\/td>\n<\/tr>\n<tr>\n<td>\n<p align=\"center\">\u00a050<\/p>\n<\/td>\n<td>\n<p align=\"center\">\u00a013,88<\/p>\n<\/td>\n<td>\n<p align=\"center\">\u00a010,4<\/p>\n<\/td>\n<td>\n<p align=\"center\">\u00a016,4<\/p>\n<\/td>\n<td>\n<p align=\"center\">\u00a026,8<\/p>\n<\/td>\n<td>\n<p align=\"center\">\u00a02,35<\/p>\n<\/td>\n<\/tr>\n<tr>\n<td>\n<p align=\"center\">\u00a055<\/p>\n<\/td>\n<td>\n<p align=\"center\">\u00a015,27<\/p>\n<\/td>\n<td>\n<p align=\"center\">\u00a011,5<\/p>\n<\/td>\n<td>\n<p align=\"center\">\u00a019,8<\/p>\n<\/td>\n<td>\n<p align=\"center\">\u00a031,3<\/p>\n<\/td>\n<td>\n<p align=\"center\">\u00a02,59<\/p>\n<\/td>\n<\/tr>\n<tr>\n<td>\n<p align=\"center\">\u00a060<\/p>\n<\/td>\n<td>\n<p align=\"center\">\u00a016,66<\/p>\n<\/td>\n<td>\n<p align=\"center\">\u00a012,5<\/p>\n<\/td>\n<td>\n<p align=\"center\">\u00a023,6<\/p>\n<\/td>\n<td>\n<p align=\"center\">\u00a036,1<\/p>\n<\/td>\n<td>\n<p align=\"center\">\u00a02,83<\/p>\n<\/td>\n<\/tr>\n<tr>\n<td>\n<p align=\"center\">\u00a065<\/p>\n<\/td>\n<td>\n<p align=\"center\">\u00a018,05<\/p>\n<\/td>\n<td>\n<p align=\"center\">\u00a013,5<\/p>\n<\/td>\n<td>\n<p align=\"center\">\u00a027,7<\/p>\n<\/td>\n<td>\n<p align=\"center\">\u00a041,2<\/p>\n<\/td>\n<td>\n<p align=\"center\">\u00a03,06<\/p>\n<\/td>\n<\/tr>\n<tr>\n<td>\n<p align=\"center\">\u00a070<\/p>\n<\/td>\n<td>\n<p align=\"center\">\u00a019,44<\/p>\n<\/td>\n<td>\n<p align=\"center\">\u00a014,6<\/p>\n<\/td>\n<td>\n<p align=\"center\">\u00a032,1<\/p>\n<\/td>\n<td>\n<p align=\"center\">\u00a046,7<\/p>\n<\/td>\n<td>\n<p align=\"center\">\u00a03,3<\/p>\n<\/td>\n<\/tr>\n<tr>\n<td>\n<p align=\"center\">\u00a075<\/p>\n<\/td>\n<td>\n<p align=\"center\">\u00a020,83<\/p>\n<\/td>\n<td>\n<p align=\"center\">\u00a015,6<\/p>\n<\/td>\n<td>\n<p align=\"center\">\u00a036,9<\/p>\n<\/td>\n<td>\n<p align=\"center\">\u00a052,5<\/p>\n<\/td>\n<td>\n<p align=\"center\">\u00a03,53<\/p>\n<\/td>\n<\/tr>\n<tr>\n<td>\n<p align=\"center\">\u00a080<\/p>\n<\/td>\n<td>\n<p align=\"center\">\u00a022,22<\/p>\n<\/td>\n<td>\n<p align=\"center\">\u00a016,7<\/p>\n<\/td>\n<td>\n<p align=\"center\">\u00a041,9<\/p>\n<\/td>\n<td>\n<p align=\"center\">\u00a058,6<\/p>\n<\/td>\n<td>\n<p align=\"center\">\u00a03,77<\/p>\n<\/td>\n<\/tr>\n<tr>\n<td>\n<p align=\"center\">\u00a085<\/p>\n<\/td>\n<td>\n<p align=\"center\">\u00a023,61<\/p>\n<\/td>\n<td>\n<p align=\"center\">\u00a017,7<\/p>\n<\/td>\n<td>\n<p align=\"center\">\u00a047,4<\/p>\n<\/td>\n<td>\n<p align=\"center\">\u00a065,1<\/p>\n<\/td>\n<td>\n<p align=\"center\">\u00a04,01<\/p>\n<\/td>\n<\/tr>\n<tr>\n<td>\n<p align=\"center\">\u00a090<\/p>\n<\/td>\n<td>\n<p align=\"center\">\u00a025<\/p>\n<\/td>\n<td>\n<p align=\"center\">\u00a018,8<\/p>\n<\/td>\n<td>\n<p align=\"center\">\u00a053,1<\/p>\n<\/td>\n<td>\n<p align=\"center\">\u00a071,9<\/p>\n<\/td>\n<td>\n<p align=\"center\">\u00a04,24<\/p>\n<\/td>\n<\/tr>\n<tr>\n<td>\n<p align=\"center\">\u00a095<\/p>\n<\/td>\n<td>\n<p align=\"center\">\u00a026,38<\/p>\n<\/td>\n<td>\n<p align=\"center\">\u00a019,8<\/p>\n<\/td>\n<td>\n<p align=\"center\">\u00a059,1<\/p>\n<\/td>\n<td>\n<p align=\"center\">\u00a078,9<\/p>\n<\/td>\n<td>\n<p align=\"center\">\u00a04,48<\/p>\n<\/td>\n<\/tr>\n<tr>\n<td>\n<p align=\"center\">\u00a0100<\/p>\n<\/td>\n<td>\n<p align=\"center\">\u00a027,77<\/p>\n<\/td>\n<td>\n<p align=\"center\">\u00a020,8<\/p>\n<\/td>\n<td>\n<p align=\"center\">\u00a065,5<\/p>\n<\/td>\n<td>\n<p align=\"center\">\u00a086,3<\/p>\n<\/td>\n<td>\n<p align=\"center\">\u00a04,71<\/p>\n<\/td>\n<\/tr>\n<tr>\n<td>\n<p align=\"center\">\u00a0105<\/p>\n<\/td>\n<td>\n<p align=\"center\">\u00a029,16<\/p>\n<\/td>\n<td>\n<p align=\"center\">\u00a021,9<\/p>\n<\/td>\n<td>\n<p align=\"center\">\u00a072,2<\/p>\n<\/td>\n<td>\n<p align=\"center\">\u00a094,1<\/p>\n<\/td>\n<td>\n<p align=\"center\">\u00a04,95<\/p>\n<\/td>\n<\/tr>\n<tr>\n<td>\n<p align=\"center\">\u00a0110<\/p>\n<\/td>\n<td>\n<p align=\"center\">\u00a030,55<\/p>\n<\/td>\n<td>\n<p align=\"center\">\u00a022,9<\/p>\n<\/td>\n<td>\n<p align=\"center\">\u00a079,3<\/p>\n<\/td>\n<td>\n<p align=\"center\">\u00a0102,2<\/p>\n<\/td>\n<td>\n<p align=\"center\">\u00a05,19<\/p>\n<\/td>\n<\/tr>\n<tr>\n<td>\n<p align=\"center\">\u00a0115<\/p>\n<\/td>\n<td>\n<p align=\"center\">\u00a031,94<\/p>\n<\/td>\n<td>\n<p align=\"center\">\u00a024<\/p>\n<\/td>\n<td>\n<p align=\"center\">\u00a086,7<\/p>\n<\/td>\n<td>\n<p align=\"center\">\u00a0110,6<\/p>\n<\/td>\n<td>\n<p align=\"center\">\u00a05,42<\/p>\n<\/td>\n<\/tr>\n<tr>\n<td>\n<p align=\"center\">\u00a0120<\/p>\n<\/td>\n<td>\n<p align=\"center\">\u00a033,33<\/p>\n<\/td>\n<td>\n<p align=\"center\">\u00a025<\/p>\n<\/td>\n<td>\n<p align=\"center\">\u00a094,4<\/p>\n<\/td>\n<td>\n<p align=\"center\">\u00a0119,4<\/p>\n<\/td>\n<td>\n<p align=\"center\">\u00a05,66<\/p>\n<\/td>\n<\/tr>\n<\/tbody>\n<\/table>\n","protected":false},"excerpt":{"rendered":"<p>\u00a0E\u011e\u0130MS\u0130Z VE KURU ASFALT YOLDA ARA\u00c7LARIN HIZLARINA G\u00d6RE DURMA MESAFELER\u0130 ( f=0,60 ) \u00a0ARA\u00c7 HIZI \u00a0Reaksiyon Mesafesi \u00a0Fren Mesafesi \u00a0Durma Mesafesi \u00a0Fren Zaman\u0131 \u00a0km\/saat \u00a0m\/sn \u00a0metre \u00a0metre \u00a0metre \u00a0saniye \u00a010 \u00a02,77 \u00a02,1 \u00a00,7 \u00a02,8 \u00a00,47 \u00a015 \u00a04,18 \u00a03,1 \u00a01,5 \u00a04,6 \u00a00,7 \u00a020 \u00a05,55 \u00a04,2 \u00a02,6 \u00a06,8 \u00a00,94 \u00a025 \u00a06,94 \u00a05,2 \u00a04,1 \u00a09,3 \u00a01,18 \u00a020 \u00a08,33 [&hellip;]<\/p>\n","protected":false},"author":1,"featured_media":0,"parent":0,"menu_order":0,"comment_status":"closed","ping_status":"closed","template":"","meta":[],"_links":{"self":[{"href":"https:\/\/www.ramisurucukursu.com\/tr\/wp-json\/wp\/v2\/pages\/56"}],"collection":[{"href":"https:\/\/www.ramisurucukursu.com\/tr\/wp-json\/wp\/v2\/pages"}],"about":[{"href":"https:\/\/www.ramisurucukursu.com\/tr\/wp-json\/wp\/v2\/types\/page"}],"author":[{"embeddable":true,"href":"https:\/\/www.ramisurucukursu.com\/tr\/wp-json\/wp\/v2\/users\/1"}],"replies":[{"embeddable":true,"href":"https:\/\/www.ramisurucukursu.com\/tr\/wp-json\/wp\/v2\/comments?post=56"}],"version-history":[{"count":1,"href":"https:\/\/www.ramisurucukursu.com\/tr\/wp-json\/wp\/v2\/pages\/56\/revisions"}],"predecessor-version":[{"id":57,"href":"https:\/\/www.ramisurucukursu.com\/tr\/wp-json\/wp\/v2\/pages\/56\/revisions\/57"}],"wp:attachment":[{"href":"https:\/\/www.ramisurucukursu.com\/tr\/wp-json\/wp\/v2\/media?parent=56"}],"curies":[{"name":"wp","href":"https:\/\/api.w.org\/{rel}","templated":true}]}}